{"id":8,"date":"2016-03-30T17:19:55","date_gmt":"2016-03-30T15:19:55","guid":{"rendered":"http:\/\/slk.pl\/!sub\/mpc\/?page_id=8"},"modified":"2016-06-02T17:54:51","modified_gmt":"2016-06-02T15:54:51","slug":"firma","status":"publish","type":"page","link":"https:\/\/mpcpolska.pl\/","title":{"rendered":"Firma"},"content":{"rendered":"<p>Jeste\u015bmy bezpo\u015brednim importerem\u00a0automat\u00f3w bramowych\u00a0i\u00a0si\u0142ownik\u00f3w\u00a0o szerokim zastosowaniu domowym i\u00a0przemys\u0142owym.<\/p>\n<blockquote><p>MPC Automazioni to wiod\u0105cy w\u00a0bran\u017cy dostawca kompleksowych system\u00f3w automatyki do bram i\u00a0rolet oraz bram gara\u017cowych. Innowacyjne\u00a0rozwi\u0105zania,\u00a0wysoka\u00a0jako\u015b\u0107,\u00a0nowoczesna\u00a0technologia to cechy, kt\u00f3re gwarantuj\u0105\u00a0niezawodno\u015b\u0107 i satysfakcje klienta. \u00a0Marka MPC Automazioni\u00a0ju\u017c od niemal\u00a020 lat wyznacza standardy w bran\u017cy automatyki domowej na ca\u0142ym \u015bwiecie. Wszystkie modele oferowanych nap\u0119d\u00f3w produkowane s\u0105 w 100% we W\u0142oszech.<\/p><\/blockquote>\n<blockquote><p>MPC stale\u00a0inwestuje w innowacyjne rozwi\u0105zania dla podniesienia\u00a0standard\u00f3w jako\u015bciowych oraz zadowolenia naszych klient\u00f3w. W technicznie zaawansowanych laboratoriach stale\u00a0pracujemy nad rozwojem u\u017cyteczno\u015bci,\u00a0niezawodno\u015bci\u00a0i popraw\u0105 bezpiecze\u0144stwa. Nowoczesny park maszynowy z cyfrowymi obrabiarkami gwarantuje wysok\u0105 jako\u015b\u0107\u00a0produkt\u00f3w.<\/p>\n<p>&nbsp;<\/p>\n<p>Nasza\u00a0stale powi\u0119kszana sie\u0107\u00a0dystrybutor\u00f3w w Polsce\u00a0gwarantuje dost\u0119p do serwisu i magazynu cz\u0119\u015bci zamiennych, co znacznie podnosi poziom satysfakcji\u00a0w\u015br\u00f3d klient\u00f3w. Je\u015bli chcesz zosta\u0107 naszym\u00a0dystrybutorem skontaktuj si\u0119 z nami poprzez poni\u017cszy formularz lub telefonicznie +48 16 621 32 32<\/p><\/blockquote>\n<p>&nbsp;<\/p>\n<p>&nbsp;<\/p>\n","protected":false},"excerpt":{"rendered":"<p>Jeste\u015bmy bezpo\u015brednim importerem\u00a0automat\u00f3w bramowych\u00a0i\u00a0si\u0142ownik\u00f3w\u00a0o szerokim zastosowaniu domowym i\u00a0przemys\u0142owym. MPC Automazioni to wiod\u0105cy w\u00a0bran\u017cy dostawca kompleksowych system\u00f3w automatyki do bram i\u00a0rolet oraz bram gara\u017cowych. Innowacyjne\u00a0rozwi\u0105zania,\u00a0wysoka\u00a0jako\u015b\u0107,\u00a0nowoczesna\u00a0technologia to cechy, kt\u00f3re gwarantuj\u0105\u00a0niezawodno\u015b\u0107 i satysfakcje klienta. \u00a0Marka MPC Automazioni\u00a0ju\u017c od niemal\u00a020 lat wyznacza standardy w bran\u017cy automatyki domowej na ca\u0142ym \u015bwiecie. Wszystkie modele oferowanych nap\u0119d\u00f3w<\/p>\n","protected":false},"author":1,"featured_media":0,"parent":0,"menu_order":0,"comment_status":"closed","ping_status":"closed","template":"","meta":{"footnotes":""},"class_list":["post-8","page","type-page","status-publish","hentry"],"_links":{"self":[{"href":"https:\/\/mpcpolska.pl\/index.php?rest_route=\/wp\/v2\/pages\/8"}],"collection":[{"href":"https:\/\/mpcpolska.pl\/index.php?rest_route=\/wp\/v2\/pages"}],"about":[{"href":"https:\/\/mpcpolska.pl\/index.php?rest_route=\/wp\/v2\/types\/page"}],"author":[{"embeddable":true,"href":"https:\/\/mpcpolska.pl\/index.php?rest_route=\/wp\/v2\/users\/1"}],"replies":[{"embeddable":true,"href":"https:\/\/mpcpolska.pl\/index.php?rest_route=%2Fwp%2Fv2%2Fcomments&post=8"}],"version-history":[{"count":16,"href":"https:\/\/mpcpolska.pl\/index.php?rest_route=\/wp\/v2\/pages\/8\/revisions"}],"predecessor-version":[{"id":76,"href":"https:\/\/mpcpolska.pl\/index.php?rest_route=\/wp\/v2\/pages\/8\/revisions\/76"}],"wp:attachment":[{"href":"https:\/\/mpcpolska.pl\/index.php?rest_route=%2Fwp%2Fv2%2Fmedia&parent=8"}],"curies":[{"name":"wp","href":"https:\/\/api.w.org\/{rel}","templated":true}]}}